{"id":62,"date":"2020-01-16T23:04:39","date_gmt":"2020-01-16T20:04:39","guid":{"rendered":"http:\/\/fthsigorta.com\/?page_id=62"},"modified":"2020-02-03T21:32:37","modified_gmt":"2020-02-03T18:32:37","slug":"teklif-al-kasko-sigortasi","status":"publish","type":"page","link":"https:\/\/fthsigorta.com\/?page_id=62","title":{"rendered":"Teklif Al (Kasko)"},"content":{"rendered":"\n<div class=\"everest-forms\"><div class=\"evf-container default\" id=\"evf-65\"><form id=\"evf-form-65\" class=\"everest-form\" data-formid=\"65\" data-ajax_submission=\"0\" data-keyboard_friendly_form=\"0\" method=\"post\" enctype=\"multipart\/form-data\" action=\"\/index.php?rest_route=%2Fwp%2Fv2%2Fpages%2F62\"><div class=\"evf-field-container\"><input type=\"hidden\" id=\"_wpnonce65\" name=\"_wpnonce65\" value=\"f7abeafbbc\" \/><input type=\"hidden\" name=\"_wp_http_referer\" value=\"\/index.php?rest_route=%2Fwp%2Fv2%2Fpages%2F62\" \/><div class=\"evf-frontend-row\" data-row=\"row_1\" conditional_rules=\"[]\"><div class=\"evf-frontend-grid evf-grid-2\" data-grid=\"grid_1\"><div id=\"evf-65-field_p2jwGYwMrG-1-container\" class=\"evf-field evf-field-text form-row validate-required\" data-required-field-message=\"Zorunlu Alan *\" data-field-id=\"p2jwGYwMrG-1\"><label class=\"evf-field-label\" for=\"evf-65-field_p2jwGYwMrG-1\"><span class=\"evf-label\">Ruhsat Sahibi TC Kimlik \/ Vergi Kimlik No<\/span> <abbr class=\"required\" title=\"Required\">*<\/abbr><\/label><input type=\"text\" id=\"evf-65-field_p2jwGYwMrG-1\" class=\"input-text\" name=\"everest_forms[form_fields][p2jwGYwMrG-1]\" placeholder=\"Ruhsat Sahibi TC Kimlik \/ Vergi Kimlik No\" required><\/div><div id=\"evf-65-field_n6eL8RUD2d-2-container\" class=\"evf-field evf-field-text form-row validate-required\" data-required-field-message=\"Zorunlu Alan *\" data-field-id=\"n6eL8RUD2d-2\"><label class=\"evf-field-label\" for=\"evf-65-field_n6eL8RUD2d-2\"><span class=\"evf-label\">Ara\u00e7 Plakas\u0131<\/span> <abbr class=\"required\" title=\"Required\">*<\/abbr><\/label><input type=\"text\" id=\"evf-65-field_n6eL8RUD2d-2\" class=\"input-text\" name=\"everest_forms[form_fields][n6eL8RUD2d-2]\" placeholder=\"Ara\u00e7 Plakas\u0131\" required><\/div><div id=\"evf-65-field_EdAIuOlNBO-9-container\" class=\"evf-field evf-field-text form-row validate-required\" data-required-field-message=\"Zorunlu Alan *\" data-field-id=\"EdAIuOlNBO-9\"><label class=\"evf-field-label\" for=\"evf-65-field_EdAIuOlNBO-9\"><span class=\"evf-label\">Ruhsat Belge Seri No<\/span> <abbr class=\"required\" title=\"Required\">*<\/abbr><\/label><input type=\"text\" id=\"evf-65-field_EdAIuOlNBO-9\" class=\"input-text evf-masked-input\" data-inputmask-mask=\"AA 999999\" name=\"everest_forms[form_fields][EdAIuOlNBO-9]\" placeholder=\"AA 123456\" required><\/div><div id=\"evf-65-field_sc26AgRmKJ-3-container\" class=\"evf-field evf-field-checkbox form-row\" data-field-id=\"sc26AgRmKJ-3\"><ul id=\"evf-65-field_sc26AgRmKJ-3\"><li class=\"choice-1 depth-1\"><input type=\"checkbox\" id=\"evf-65-field_sc26AgRmKJ-3_1\" class=\"input-text\" name=\"everest_forms[form_fields][sc26AgRmKJ-3][]\" value=\"S\u0131f\u0131r ara\u00e7. Hen\u00fcz plakas\u0131 yok.\"  ><label class=\"everest-forms-field-label-inline\" for=\"evf-65-field_sc26AgRmKJ-3_1\">S\u0131f\u0131r ara\u00e7. Hen\u00fcz plakas\u0131 yok.<\/label><\/li><\/ul><\/div><\/div><div class=\"evf-frontend-grid evf-grid-2\" data-grid=\"grid_2\"><div id=\"evf-65-field_CUca822bMk-4-container\" class=\"evf-field evf-field-first-name form-row validate-required\" data-required-field-message=\"Zorunlu Alan *\" data-field-id=\"CUca822bMk-4\"><label class=\"evf-field-label\" for=\"evf-65-field_CUca822bMk-4\"><span class=\"evf-label\">Ad\u0131 Soyad\u0131<\/span> <abbr class=\"required\" title=\"Required\">*<\/abbr><\/label><input type=\"text\" id=\"evf-65-field_CUca822bMk-4\" class=\"input-text\" name=\"everest_forms[form_fields][CUca822bMk-4]\" placeholder=\"Ad\u0131 Soyad\u0131\" required><\/div><div id=\"evf-65-field_5lKBpmhCuj-6-container\" class=\"evf-field evf-field-email form-row validate-required validate-email\" data-required-field-message=\"L\u00fctfen ge\u00e7erli bir email adresi giriniz.\" data-field-id=\"5lKBpmhCuj-6\"><label class=\"evf-field-label\" for=\"evf-65-field_5lKBpmhCuj-6\"><span class=\"evf-label\">E-Mail<\/span> <abbr class=\"required\" title=\"Required\">*<\/abbr><\/label><input type=\"email\" id=\"evf-65-field_5lKBpmhCuj-6\" class=\"input-text\" name=\"everest_forms[form_fields][5lKBpmhCuj-6]\" placeholder=\"fth@fthsigorta.com\" required ><\/div><div id=\"evf-65-field_x6XUenGYFz-10-container\" class=\"evf-field evf-field-text form-row\" data-field-id=\"x6XUenGYFz-10\"><label class=\"evf-field-label\" for=\"evf-65-field_x6XUenGYFz-10\"><span class=\"evf-label\">Telefon No<\/span> <\/label><input type=\"text\" id=\"evf-65-field_x6XUenGYFz-10\" class=\"input-text evf-masked-input\" data-inputmask-mask=\"0(999) 999 99 99\" name=\"everest_forms[form_fields][x6XUenGYFz-10]\" placeholder=\"0(555) 555 55 55\" ><\/div><div id=\"evf-65-field_sQYHWbc3Yy-8-container\" class=\"evf-field evf-field-textarea form-row\" data-field-id=\"sQYHWbc3Yy-8\"><label class=\"evf-field-label\" for=\"evf-65-field_sQYHWbc3Yy-8\"><span class=\"evf-label\">Adres<\/span> <\/label><textarea id=\"evf-65-field_sQYHWbc3Yy-8\" class=\"input-text\" name=\"everest_forms[form_fields][sQYHWbc3Yy-8]\"  ><\/textarea><\/div><\/div><\/div><\/div><div class=\"evf-honeypot-container evf-field-hp\"><label for=\"evf-65-field-hp\" class=\"evf-field-label\">Name<\/label><input type=\"text\" name=\"everest_forms[hp]\" id=\"evf-65-field-hp\" class=\"input-text\"><\/div><div class=\"evf-submit-container \" ><input type=\"hidden\" name=\"everest_forms[id]\" value=\"65\"><input type=\"hidden\" name=\"everest_forms[author]\" value=\"1\"><button type='submit' name='everest_forms[submit]' class='everest-forms-submit-button button evf-submit ' id='evf-submit-65' value='evf-submit' data-process-text=\"\u0130\u015fleniyor\u2026\" conditional_rules='&quot;&quot;' conditional_id='evf-submit-65'  id=\"evf-submit-65\" aria-live=\"assertive\">G\u00f6nder<\/button><\/div><\/form><\/div><!-- .evf-container --><\/div>\n","protected":false},"excerpt":{"rendered":"","protected":false},"author":1,"featured_media":0,"parent":0,"menu_order":0,"comment_status":"closed","ping_status":"closed","template":"","meta":[],"_links":{"self":[{"href":"https:\/\/fthsigorta.com\/index.php?rest_route=\/wp\/v2\/pages\/62"}],"collection":[{"href":"https:\/\/fthsigorta.com\/index.php?rest_route=\/wp\/v2\/pages"}],"about":[{"href":"https:\/\/fthsigorta.com\/index.php?rest_route=\/wp\/v2\/types\/page"}],"author":[{"embeddable":true,"href":"https:\/\/fthsigorta.com\/index.php?rest_route=\/wp\/v2\/users\/1"}],"replies":[{"embeddable":true,"href":"https:\/\/fthsigorta.com\/index.php?rest_route=%2Fwp%2Fv2%2Fcomments&post=62"}],"version-history":[{"count":3,"href":"https:\/\/fthsigorta.com\/index.php?rest_route=\/wp\/v2\/pages\/62\/revisions"}],"predecessor-version":[{"id":147,"href":"https:\/\/fthsigorta.com\/index.php?rest_route=\/wp\/v2\/pages\/62\/revisions\/147"}],"wp:attachment":[{"href":"https:\/\/fthsigorta.com\/index.php?rest_route=%2Fwp%2Fv2%2Fmedia&parent=62"}],"curies":[{"name":"wp","href":"https:\/\/api.w.org\/{rel}","templated":true}]}}