{"id":128,"date":"2020-01-26T22:42:09","date_gmt":"2020-01-26T19:42:09","guid":{"rendered":"http:\/\/fthsigorta.com\/?page_id=128"},"modified":"2020-01-26T22:44:15","modified_gmt":"2020-01-26T19:44:15","slug":"teklif-al-isyeri-sigortasi","status":"publish","type":"page","link":"https:\/\/fthsigorta.com\/?page_id=128","title":{"rendered":"Teklif Al (\u0130\u015fyeri Sigortas\u0131)"},"content":{"rendered":"\n<div class=\"everest-forms\"><div class=\"evf-container default\" id=\"evf-120\"><form id=\"evf-form-120\" class=\"everest-form\" data-formid=\"120\" data-ajax_submission=\"0\" data-keyboard_friendly_form=\"0\" method=\"post\" enctype=\"multipart\/form-data\" action=\"\/index.php?rest_route=%2Fwp%2Fv2%2Fpages%2F128\"><div class=\"evf-field-container\"><input type=\"hidden\" id=\"_wpnonce120\" name=\"_wpnonce120\" value=\"f7abeafbbc\" \/><input type=\"hidden\" name=\"_wp_http_referer\" value=\"\/index.php?rest_route=%2Fwp%2Fv2%2Fpages%2F128\" \/><div class=\"evf-frontend-row\" data-row=\"row_1\" conditional_rules=\"[]\"><div class=\"evf-frontend-grid evf-grid-2\" data-grid=\"grid_1\"><div id=\"evf-120-field_tQsJKWwN25-3-container\" class=\"evf-field evf-field-text form-row validate-required\" data-required-field-message=\"Zorunlu Alan *\" data-field-id=\"tQsJKWwN25-3\"><label class=\"evf-field-label\" for=\"evf-120-field_tQsJKWwN25-3\"><span class=\"evf-label\">TC Kimlik No<\/span> <abbr class=\"required\" title=\"Required\">*<\/abbr><\/label><input type=\"text\" id=\"evf-120-field_tQsJKWwN25-3\" class=\"input-text evf-masked-input\" data-inputmask-mask=\"99999999999\" name=\"everest_forms[form_fields][tQsJKWwN25-3]\" placeholder=\"TC Kimlik No\" required><\/div><div id=\"evf-120-field_rzlZUMJ2HZ-4-container\" class=\"evf-field evf-field-text form-row\" data-field-id=\"rzlZUMJ2HZ-4\"><label class=\"evf-field-label\" for=\"evf-120-field_rzlZUMJ2HZ-4\"><span class=\"evf-label\">Telefon No<\/span> <\/label><input type=\"text\" id=\"evf-120-field_rzlZUMJ2HZ-4\" class=\"input-text evf-masked-input\" data-inputmask-mask=\"0(999) 999 99 99\" name=\"everest_forms[form_fields][rzlZUMJ2HZ-4]\" placeholder=\"0(555) 555 55 55\" ><\/div><div id=\"evf-120-field_9HIVZf5nTn-6-container\" class=\"evf-field evf-field-textarea form-row\" data-field-id=\"9HIVZf5nTn-6\"><label class=\"evf-field-label\" for=\"evf-120-field_9HIVZf5nTn-6\"><span class=\"evf-label\">Belirtmek \u0130stedikleriniz?<\/span> <\/label><textarea id=\"evf-120-field_9HIVZf5nTn-6\" class=\"input-text\" name=\"everest_forms[form_fields][9HIVZf5nTn-6]\" placeholder=\"Belirtmek \u0130stedikleriniz?\"  ><\/textarea><\/div><\/div><div class=\"evf-frontend-grid evf-grid-2\" data-grid=\"grid_2\"><div id=\"evf-120-field_iB1KEOBhS6-1-container\" class=\"evf-field evf-field-first-name form-row validate-required\" data-required-field-message=\"Zorunlu Alan *\" data-field-id=\"iB1KEOBhS6-1\"><label class=\"evf-field-label\" for=\"evf-120-field_iB1KEOBhS6-1\"><span class=\"evf-label\">Ad\u0131<\/span> <abbr class=\"required\" title=\"Required\">*<\/abbr><\/label><input type=\"text\" id=\"evf-120-field_iB1KEOBhS6-1\" class=\"input-text\" name=\"everest_forms[form_fields][iB1KEOBhS6-1]\" placeholder=\"Ad\u0131\" required><\/div><div id=\"evf-120-field_K8cutH2xE4-2-container\" class=\"evf-field evf-field-last-name form-row validate-required\" data-required-field-message=\"Zorunlu Alan *\" data-field-id=\"K8cutH2xE4-2\"><label class=\"evf-field-label\" for=\"evf-120-field_K8cutH2xE4-2\"><span class=\"evf-label\">Soyad\u0131<\/span> <abbr class=\"required\" title=\"Required\">*<\/abbr><\/label><input type=\"text\" id=\"evf-120-field_K8cutH2xE4-2\" class=\"input-text\" name=\"everest_forms[form_fields][K8cutH2xE4-2]\" placeholder=\"Soyad\u0131\" required><\/div><div id=\"evf-120-field_6dqFA9OZl4-5-container\" class=\"evf-field evf-field-email form-row validate-required validate-email\" data-required-field-message=\"L\u00fctfen ge\u00e7erli bir email adresi giriniz.\" data-field-id=\"6dqFA9OZl4-5\"><label class=\"evf-field-label\" for=\"evf-120-field_6dqFA9OZl4-5\"><span class=\"evf-label\">E-Mail<\/span> <abbr class=\"required\" title=\"Required\">*<\/abbr><\/label><input type=\"email\" id=\"evf-120-field_6dqFA9OZl4-5\" class=\"input-text\" name=\"everest_forms[form_fields][6dqFA9OZl4-5]\" placeholder=\"fth@fthsigorta.com\" required ><\/div><\/div><\/div><\/div><div class=\"evf-honeypot-container evf-field-hp\"><label for=\"evf-120-field-hp\" class=\"evf-field-label\">Name<\/label><input type=\"text\" name=\"everest_forms[hp]\" id=\"evf-120-field-hp\" class=\"input-text\"><\/div><div class=\"evf-submit-container \" ><input type=\"hidden\" name=\"everest_forms[id]\" value=\"120\"><input type=\"hidden\" name=\"everest_forms[author]\" value=\"1\"><button type='submit' name='everest_forms[submit]' class='everest-forms-submit-button button evf-submit ' id='evf-submit-120' value='evf-submit' data-process-text=\"\u0130\u015fleniyor\u2026\" conditional_rules='&quot;&quot;' conditional_id='evf-submit-120'  id=\"evf-submit-120\" aria-live=\"assertive\">G\u00f6nder<\/button><\/div><\/form><\/div><!-- .evf-container --><\/div>\n","protected":false},"excerpt":{"rendered":"","protected":false},"author":1,"featured_media":0,"parent":0,"menu_order":0,"comment_status":"closed","ping_status":"closed","template":"","meta":[],"_links":{"self":[{"href":"https:\/\/fthsigorta.com\/index.php?rest_route=\/wp\/v2\/pages\/128"}],"collection":[{"href":"https:\/\/fthsigorta.com\/index.php?rest_route=\/wp\/v2\/pages"}],"about":[{"href":"https:\/\/fthsigorta.com\/index.php?rest_route=\/wp\/v2\/types\/page"}],"author":[{"embeddable":true,"href":"https:\/\/fthsigorta.com\/index.php?rest_route=\/wp\/v2\/users\/1"}],"replies":[{"embeddable":true,"href":"https:\/\/fthsigorta.com\/index.php?rest_route=%2Fwp%2Fv2%2Fcomments&post=128"}],"version-history":[{"count":1,"href":"https:\/\/fthsigorta.com\/index.php?rest_route=\/wp\/v2\/pages\/128\/revisions"}],"predecessor-version":[{"id":129,"href":"https:\/\/fthsigorta.com\/index.php?rest_route=\/wp\/v2\/pages\/128\/revisions\/129"}],"wp:attachment":[{"href":"https:\/\/fthsigorta.com\/index.php?rest_route=%2Fwp%2Fv2%2Fmedia&parent=128"}],"curies":[{"name":"wp","href":"https:\/\/api.w.org\/{rel}","templated":true}]}}