{"id":121,"date":"2020-01-26T22:40:27","date_gmt":"2020-01-26T19:40:27","guid":{"rendered":"http:\/\/fthsigorta.com\/?page_id=121"},"modified":"2020-01-26T22:46:13","modified_gmt":"2020-01-26T19:46:13","slug":"teklif-al-saglik-sigortasi","status":"publish","type":"page","link":"https:\/\/fthsigorta.com\/?page_id=121","title":{"rendered":"Teklif Al (Sa\u011fl\u0131k Sigortas\u0131)"},"content":{"rendered":"\n<div class=\"everest-forms\"><div class=\"evf-container default\" id=\"evf-116\"><form id=\"evf-form-116\" class=\"everest-form\" data-formid=\"116\" data-ajax_submission=\"0\" data-keyboard_friendly_form=\"0\" method=\"post\" enctype=\"multipart\/form-data\" action=\"\/index.php?rest_route=%2Fwp%2Fv2%2Fpages%2F121\"><div class=\"evf-field-container\"><input type=\"hidden\" id=\"_wpnonce116\" name=\"_wpnonce116\" value=\"f7abeafbbc\" \/><input type=\"hidden\" name=\"_wp_http_referer\" value=\"\/index.php?rest_route=%2Fwp%2Fv2%2Fpages%2F121\" \/><div class=\"evf-frontend-row\" data-row=\"row_1\" conditional_rules=\"[]\"><div class=\"evf-frontend-grid evf-grid-2\" data-grid=\"grid_1\"><div id=\"evf-116-field_subject-container\" class=\"evf-field evf-field-text form-row validate-required\" data-required-field-message=\"Zorunlu Alan *\" data-field-id=\"subject\"><label class=\"evf-field-label\" for=\"evf-116-field_subject\"><span class=\"evf-label\">TC Kimlik No<\/span> <abbr class=\"required\" title=\"Required\">*<\/abbr><\/label><input type=\"text\" id=\"evf-116-field_subject\" class=\"input-text evf-masked-input\" data-inputmask-mask=\"99999999999\" name=\"everest_forms[form_fields][subject]\" placeholder=\"TC Kimlik No\" required><\/div><div id=\"evf-116-field_giRAb3bImc-1-container\" class=\"evf-field evf-field-text form-row validate-required\" data-required-field-message=\"Zorunlu Alan *\" data-field-id=\"giRAb3bImc-1\"><label class=\"evf-field-label\" for=\"evf-116-field_giRAb3bImc-1\"><span class=\"evf-label\">Cep Telefon No<\/span> <abbr class=\"required\" title=\"Required\">*<\/abbr><\/label><input type=\"text\" id=\"evf-116-field_giRAb3bImc-1\" class=\"input-text evf-masked-input\" data-inputmask-mask=\"0(999) 999 99 99\" name=\"everest_forms[form_fields][giRAb3bImc-1]\" placeholder=\"0(555) 555 55 55\" required><\/div><div id=\"evf-116-field_message-container\" class=\"evf-field evf-field-textarea form-row\" data-field-id=\"message\"><label class=\"evf-field-label\" for=\"evf-116-field_message\"><span class=\"evf-label\">Belirtmek \u0130stedikleriniz?<\/span> <\/label><textarea id=\"evf-116-field_message\" class=\"input-text\" name=\"everest_forms[form_fields][message]\" placeholder=\"Belirtmek \u0130stedikleriniz?\"  ><\/textarea><\/div><\/div><div class=\"evf-frontend-grid evf-grid-2\" data-grid=\"grid_2\"><div id=\"evf-116-field_EtFEpgx7on-2-container\" class=\"evf-field evf-field-first-name form-row validate-required\" data-required-field-message=\"Zorunlu Alan *\" data-field-id=\"EtFEpgx7on-2\"><label class=\"evf-field-label\" for=\"evf-116-field_EtFEpgx7on-2\"><span class=\"evf-label\">Ad\u0131<\/span> <abbr class=\"required\" title=\"Required\">*<\/abbr><\/label><input type=\"text\" id=\"evf-116-field_EtFEpgx7on-2\" class=\"input-text\" name=\"everest_forms[form_fields][EtFEpgx7on-2]\" placeholder=\"Ad\u0131\" required><\/div><div id=\"evf-116-field_RuAGnM09Yl-3-container\" class=\"evf-field evf-field-last-name form-row validate-required\" data-required-field-message=\"Zorunlu Alan *\" data-field-id=\"RuAGnM09Yl-3\"><label class=\"evf-field-label\" for=\"evf-116-field_RuAGnM09Yl-3\"><span class=\"evf-label\">Soyadi<\/span> <abbr class=\"required\" title=\"Required\">*<\/abbr><\/label><input type=\"text\" id=\"evf-116-field_RuAGnM09Yl-3\" class=\"input-text\" name=\"everest_forms[form_fields][RuAGnM09Yl-3]\" placeholder=\"Soyadi\" required><\/div><div id=\"evf-116-field_email-container\" class=\"evf-field evf-field-email form-row validate-required validate-email\" data-required-field-message=\"L\u00fctfen ge\u00e7erli bir email adresi giriniz.\" data-field-id=\"email\"><label class=\"evf-field-label\" for=\"evf-116-field_email\"><span class=\"evf-label\">E-Mail<\/span> <abbr class=\"required\" title=\"Required\">*<\/abbr><\/label><input type=\"email\" id=\"evf-116-field_email\" class=\"input-text\" name=\"everest_forms[form_fields][email]\" placeholder=\"fth@fthsigorta.com\" required ><\/div><\/div><\/div><\/div><div class=\"evf-honeypot-container evf-field-hp\"><label for=\"evf-116-field-hp\" class=\"evf-field-label\">Message<\/label><input type=\"text\" name=\"everest_forms[hp]\" id=\"evf-116-field-hp\" class=\"input-text\"><\/div><div class=\"evf-submit-container \" ><input type=\"hidden\" name=\"everest_forms[id]\" value=\"116\"><input type=\"hidden\" name=\"everest_forms[author]\" value=\"1\"><button type='submit' name='everest_forms[submit]' class='everest-forms-submit-button button evf-submit ' id='evf-submit-116' value='evf-submit' data-process-text=\"\u0130\u015fleniyor\u2026\" conditional_rules='&quot;&quot;' conditional_id='evf-submit-116'  id=\"evf-submit-116\" aria-live=\"assertive\">G\u00f6nder<\/button><\/div><\/form><\/div><!-- .evf-container --><\/div>\n","protected":false},"excerpt":{"rendered":"","protected":false},"author":1,"featured_media":0,"parent":0,"menu_order":0,"comment_status":"closed","ping_status":"closed","template":"","meta":[],"_links":{"self":[{"href":"https:\/\/fthsigorta.com\/index.php?rest_route=\/wp\/v2\/pages\/121"}],"collection":[{"href":"https:\/\/fthsigorta.com\/index.php?rest_route=\/wp\/v2\/pages"}],"about":[{"href":"https:\/\/fthsigorta.com\/index.php?rest_route=\/wp\/v2\/types\/page"}],"author":[{"embeddable":true,"href":"https:\/\/fthsigorta.com\/index.php?rest_route=\/wp\/v2\/users\/1"}],"replies":[{"embeddable":true,"href":"https:\/\/fthsigorta.com\/index.php?rest_route=%2Fwp%2Fv2%2Fcomments&post=121"}],"version-history":[{"count":1,"href":"https:\/\/fthsigorta.com\/index.php?rest_route=\/wp\/v2\/pages\/121\/revisions"}],"predecessor-version":[{"id":122,"href":"https:\/\/fthsigorta.com\/index.php?rest_route=\/wp\/v2\/pages\/121\/revisions\/122"}],"wp:attachment":[{"href":"https:\/\/fthsigorta.com\/index.php?rest_route=%2Fwp%2Fv2%2Fmedia&parent=121"}],"curies":[{"name":"wp","href":"https:\/\/api.w.org\/{rel}","templated":true}]}}